{"id":6296,"date":"2023-11-09T15:03:22","date_gmt":"2023-11-09T14:03:22","guid":{"rendered":"https:\/\/arboretum-roure.org\/?page_id=6296"},"modified":"2024-03-05T15:49:02","modified_gmt":"2024-03-05T14:49:02","slug":"reserver","status":"publish","type":"page","link":"https:\/\/arboretum-roure.org\/en\/reserver\/","title":{"rendered":"R\u00e9server votre venue"},"content":{"rendered":"<div style=\"height:50px\" aria-hidden=\"true\" class=\"wp-block-spacer\"><\/div>\n\n\n\n<div class=\"wpcf7 no-js\" id=\"wpcf7-f6300-o1\" lang=\"fr-FR\" dir=\"ltr\" data-wpcf7-id=\"6300\">\n<div class=\"screen-reader-response\"><p role=\"status\" aria-live=\"polite\" aria-atomic=\"true\"><\/p> <ul><\/ul><\/div>\n<form action=\"\/wp-json\/wp\/v2\/pages\/6296\" method=\"post\" class=\"wpcf7-form init\" aria-label=\"Formulaire de contact\" novalidate=\"novalidate\" data-status=\"init\" data-trp-original-action=\"\/en\/wp-json\/wp\/v2\/pages\/6296#wpcf7-f6300-o1\">\n<fieldset class=\"hidden-fields-container\"><input type=\"hidden\" name=\"_wpcf7\" value=\"6300\" \/><input type=\"hidden\" name=\"_wpcf7_version\" value=\"6.1.5\" \/><input type=\"hidden\" name=\"_wpcf7_locale\" value=\"fr_FR\" \/><input type=\"hidden\" name=\"_wpcf7_unit_tag\" value=\"wpcf7-f6300-o1\" \/><input type=\"hidden\" name=\"_wpcf7_container_post\" value=\"0\" \/><input type=\"hidden\" name=\"_wpcf7_posted_data_hash\" value=\"\" \/><input type=\"hidden\" name=\"_wpcf7cf_hidden_group_fields\" value=\"[]\" \/><input type=\"hidden\" name=\"_wpcf7cf_hidden_groups\" value=\"[]\" \/><input type=\"hidden\" name=\"_wpcf7cf_visible_groups\" value=\"[]\" \/><input type=\"hidden\" name=\"_wpcf7cf_repeaters\" value=\"[]\" \/><input type=\"hidden\" name=\"_wpcf7cf_steps\" value=\"{}\" \/><input type=\"hidden\" name=\"_wpcf7cf_options\" value=\"{&quot;form_id&quot;:6300,&quot;conditions&quot;:[{&quot;then_field&quot;:&quot;visit_hour&quot;,&quot;and_rules&quot;:[{&quot;if_field&quot;:&quot;visit&quot;,&quot;operator&quot;:&quot;equals&quot;,&quot;if_value&quot;:&quot;Oui&quot;}]}],&quot;settings&quot;:{&quot;animation&quot;:&quot;yes&quot;,&quot;animation_intime&quot;:200,&quot;animation_outtime&quot;:200,&quot;conditions_ui&quot;:&quot;normal&quot;,&quot;notice_dismissed&quot;:false,&quot;notice_dismissed_update-cf7-6.1.5&quot;:true}}\" \/>\n<\/fieldset>\n<div class=\"form-grid\">\n<label style=\"width:100%; grid-column: span 2\"> NAME \/ FIRST NAME (REQUIRED) <span class=\"wpcf7-form-control-wrap\" data-name=\"your-name\"><input size=\"40\" maxlength=\"400\" class=\"wpcf7-form-control wpcf7-text wpcf7-validates-as-required\" aria-required=\"true\" aria-invalid=\"false\" value=\"\" type=\"text\" name=\"your-name\" \/><\/span> <\/label>\n\n<label>YOUR E-MAIL ADDRESS (REQUIRED)  <span class=\"wpcf7-form-control-wrap\" data-name=\"your-email\"><input size=\"40\" maxlength=\"400\" class=\"wpcf7-form-control wpcf7-email wpcf7-validates-as-required wpcf7-text wpcf7-validates-as-email\" aria-required=\"true\" aria-invalid=\"false\" value=\"\" type=\"email\" name=\"your-email\" \/><\/span> <\/label>\n\n<label>PHONE <span class=\"wpcf7-form-control-wrap\" data-name=\"tel-364\"><input size=\"40\" maxlength=\"400\" class=\"wpcf7-form-control wpcf7-tel wpcf7-text wpcf7-validates-as-tel\" aria-invalid=\"false\" value=\"\" type=\"tel\" name=\"tel-364\" \/><\/span><\/label>\n\n<label style=\"width: 100%\"> VISIT DATE (REQUIRED)\n    <span class=\"wpcf7-form-control-wrap\" data-name=\"date-96\"><input class=\"wpcf7-form-control wpcf7-date wpcf7-validates-as-required wpcf7-validates-as-date\" aria-required=\"true\" aria-invalid=\"false\" value=\"\" type=\"date\" name=\"date-96\" \/><\/span> \n<\/label>\n\n\n<div>\n<label>Visit\u00e9 guid\u00e9e ? <\/label>  \n<span class=\"wpcf7-form-control-wrap\" data-name=\"visit\"><span class=\"wpcf7-form-control wpcf7-radio\"><span class=\"wpcf7-list-item first\"><input type=\"radio\" name=\"visit\" value=\"Oui\" \/><span class=\"wpcf7-list-item-label\">YES<\/span><\/span><span class=\"wpcf7-list-item last\"><input type=\"radio\" name=\"visit\" value=\"Non\" checked=\"checked\" \/><span class=\"wpcf7-list-item-label\">NO<\/span><\/span><\/span><\/span>\n\n<div data-id=\"visit_hour\" data-orig_data_id=\"visit_hour\"  class=\"\" data-class=\"wpcf7cf_group\">\n<label>Horaire souhait\u00e9 <\/label>\n<span class=\"wpcf7-form-control-wrap\" data-name=\"visit_hour\"><span class=\"wpcf7-form-control wpcf7-radio\"><span class=\"wpcf7-list-item first\"><input type=\"radio\" name=\"visit_hour\" value=\"Matin 10h30\" checked=\"checked\" \/><span class=\"wpcf7-list-item-label\">Matin 10h30<\/span><\/span><span class=\"wpcf7-list-item last\"><input type=\"radio\" name=\"visit_hour\" value=\"Apr\u00e8s midi 14h00\" \/><span class=\"wpcf7-list-item-label\">Apr\u00e8s midi 14h00<\/span><\/span><\/span><\/span> \n<\/div>\n<\/div>\n\n\n\n\n<label> TOTAL NUMBER OF PEOPLE <span class=\"wpcf7-form-control-wrap\" data-name=\"number-146\"><input class=\"wpcf7-form-control wpcf7-number wpcf7-validates-as-number\" min=\"1\" aria-invalid=\"false\" value=\"\" type=\"number\" name=\"number-146\" \/><\/span><\/label>\n<label > NUMBER OF ADULTS<span class=\"wpcf7-form-control-wrap\" data-name=\"number-147\"><input class=\"wpcf7-form-control wpcf7-number wpcf7-validates-as-number\" min=\"1\" aria-invalid=\"false\" value=\"\" type=\"number\" name=\"number-147\" \/><\/span><\/label>\n<label > NUMBER OF CHILDREN (-12 YEARS)<span class=\"wpcf7-form-control-wrap\" data-name=\"number-148\"><input class=\"wpcf7-form-control wpcf7-number wpcf7-validates-as-number\" min=\"1\" aria-invalid=\"false\" value=\"\" type=\"number\" name=\"number-148\" \/><\/span><\/label>\n\n<label > NUMBER OF ADULT WORKSHOP<span class=\"wpcf7-form-control-wrap\" data-name=\"number-149\"><input class=\"wpcf7-form-control wpcf7-number wpcf7-validates-as-number\" min=\"1\" aria-invalid=\"false\" value=\"\" type=\"number\" name=\"number-149\" \/><\/span><\/label>\n<label > NUMBER OF CHILDREN WORKSHOP (-12 YEARS)<span class=\"wpcf7-form-control-wrap\" data-name=\"number-150\"><input class=\"wpcf7-form-control wpcf7-number wpcf7-validates-as-number\" min=\"1\" aria-invalid=\"false\" value=\"\" type=\"number\" name=\"number-150\" \/><\/span><\/label>\n\n<div style=\"margin-top:8px;\">\n<input class=\"wpcf7-form-control wpcf7-submit has-spinner\" type=\"submit\" value=\"SEND\" \/>\n<\/div><div class=\"wpcf7-response-output\" aria-hidden=\"true\"><\/div>\n<input type=\"hidden\" name=\"trp-form-language\" value=\"en\"\/><\/form>\n<\/div>","protected":false},"excerpt":{"rendered":"<p>Votre nom \/ pr\u00e9nom (requis) Votre adresse de messagerie (requis) T\u00e9l\u00e9phone Date de visite (requis) Visit\u00e9 guid\u00e9e ? OuiNon Horaire souhait\u00e9 Matin 10h30Apr\u00e8s midi 14h00 Nombre de personnes au total Nombre d&#8217;adultes Nombre d&#8217;enfants (-12 ans) Nombre Atelier adultes Nombre Atelier enfants (-12 ans)<\/p>","protected":false},"author":3,"featured_media":0,"parent":0,"menu_order":0,"comment_status":"closed","ping_status":"closed","template":"","meta":{"footnotes":""},"class_list":["post-6296","page","type-page","status-publish","hentry"],"_links":{"self":[{"href":"https:\/\/arboretum-roure.org\/en\/wp-json\/wp\/v2\/pages\/6296","targetHints":{"allow":["GET"]}}],"collection":[{"href":"https:\/\/arboretum-roure.org\/en\/wp-json\/wp\/v2\/pages"}],"about":[{"href":"https:\/\/arboretum-roure.org\/en\/wp-json\/wp\/v2\/types\/page"}],"author":[{"embeddable":true,"href":"https:\/\/arboretum-roure.org\/en\/wp-json\/wp\/v2\/users\/3"}],"replies":[{"embeddable":true,"href":"https:\/\/arboretum-roure.org\/en\/wp-json\/wp\/v2\/comments?post=6296"}],"version-history":[{"count":4,"href":"https:\/\/arboretum-roure.org\/en\/wp-json\/wp\/v2\/pages\/6296\/revisions"}],"predecessor-version":[{"id":7113,"href":"https:\/\/arboretum-roure.org\/en\/wp-json\/wp\/v2\/pages\/6296\/revisions\/7113"}],"wp:attachment":[{"href":"https:\/\/arboretum-roure.org\/en\/wp-json\/wp\/v2\/media?parent=6296"}],"curies":[{"name":"wp","href":"https:\/\/api.w.org\/{rel}","templated":true}]}}