{"id":7294,"date":"2024-04-25T09:06:25","date_gmt":"2024-04-25T07:06:25","guid":{"rendered":"https:\/\/arboretum-roure.org\/?post_type=product&#038;p=7294"},"modified":"2026-03-19T21:23:32","modified_gmt":"2026-03-19T20:23:32","slug":"le-venerable-meleze-de-gilles-mottet","status":"publish","type":"product","link":"https:\/\/arboretum-roure.org\/en\/boutique\/le-venerable-meleze-de-gilles-mottet","title":{"rendered":"Le V\u00e9n\u00e9rable M\u00e9l\u00e8ze de <br>Gilles Mottet"},"content":{"rendered":"<div class=\"brz-root__container brz-reset-all\">\n<p><strong>L\u2019Arboretum Marcel Kroenlein de Roure<\/strong> est le point de d\u00e9part de l\u2019histoire qui porte un autre regard sur l\u2019Arbre. <strong>D\u00e9di\u00e9 aux non-voyants, malvoyants et voyants, \u00ab Le v\u00e9n\u00e9rable m\u00e9l\u00e8ze \u00bb<\/strong> a \u00e9t\u00e9 con\u00e7u en braille, grands caract\u00e8res et relief tactiles multi-niveaux pour les photos et les \u0153uvres d\u2019art.<\/p>\n<p><img loading=\"lazy\" decoding=\"async\" class=\"wp-image-7547 aligncenter\" src=\"https:\/\/arboretum-roure.org\/wp-content\/uploads\/2024\/04\/actu-pele-melebd-1024x732.jpg\" alt=\"\" width=\"665\" height=\"475\" srcset=\"https:\/\/arboretum-roure.org\/wp-content\/uploads\/2024\/04\/actu-pele-melebd-1024x732.jpg 1024w, https:\/\/arboretum-roure.org\/wp-content\/uploads\/2024\/04\/actu-pele-melebd-300x214.jpg 300w, https:\/\/arboretum-roure.org\/wp-content\/uploads\/2024\/04\/actu-pele-melebd-768x549.jpg 768w, https:\/\/arboretum-roure.org\/wp-content\/uploads\/2024\/04\/actu-pele-melebd-600x429.jpg 600w, https:\/\/arboretum-roure.org\/wp-content\/uploads\/2024\/04\/actu-pele-melebd.jpg 1240w\" sizes=\"auto, (max-width: 665px) 100vw, 665px\" \/><\/p>\n<p><strong>Ce livre est une Premi\u00e8re dans le monde de l\u2019\u00e9dition<\/strong> <strong>par son approche humaniste et inclusive<\/strong> vers des personnes porteuses de handicap. Il ouvre le c\u0153ur de chaque enfant, chaque adolescent, chaque adulte, il fait tomber les barri\u00e8res en invitant \u00e0 partager cette aventure multi sensorielle.<\/p>\n<p><strong>Cet ouvrage d\u2019Art unique, \u00e9tonnant, totalement inhabituel dans sa conception<\/strong>, se touche, s\u2019\u00e9coute, se voit, se respire et nous ouvre au monde de l\u2019autre pour apprendre \u00e0 mieux vivre ensemble.<br \/>\nQui a d\u00e9j\u00e0 eu en main un livre en braille qui se lit avec ceux qui voient ?<\/p>\n<\/div>\n<p><!-- version:1715786014 --><\/p>","protected":false},"excerpt":{"rendered":"<p><strong><br \/>\nEditeur<\/strong> : Les \u00e9ditions de l\u2019arboretum<br \/>\n<strong>Parution<\/strong> : <span class=\"s15\" style=\"color: red;\">Nouvelle Edition Juin 2025 sous le patronage de l\u2019Unesco, nommant Le V\u00e9n\u00e9rable M\u00e9l\u00e8ze comme \u00ab symbole universel, humaniste, inclusif, r\u00e9silient et porteur d\u2019Art \u00bb et qui c\u00e9l\u00e8bre le bicentenaire du Braille dans le monde.<\/span><br \/>\n<strong>Auteur<\/strong>\u00a0: Gilles Mottet<br \/>\n<strong>Pr\u00e9face<\/strong>\u00a0: Francis Hall\u00e9<br \/>\n<strong>Livre Grand Format<\/strong> : 23 X 33 cm<br \/>\n<strong>Nombre de pages\u00a0<\/strong>: 48 Pages<\/p>\n<p>Accessible aux non-voyants, malvoyants et voyants.<br \/>\n\u00e0 partir de 7 ans.<\/p>\n<p>Edition con\u00e7ue en bi-\u00e9criture, Braille et Grands Caract\u00e8res.<br \/>\nDessins et Illustrations en relief-tactile multi-niveaux.<\/p>\n<p>1<sup>\u00e8re<\/sup> de couverture : Encre de Chine de Mary Joly.<\/p>\n<p>Empreintes du tronc et bardeau de m\u00e9l\u00e8ze de Denis Gibelin.<\/p>\n<p>Dessin de Catherine Dorochenko r\u00e9alis\u00e9 \u00e0 partir du dessin de Mary Joly.<\/p>\n<p>Photographes\u00a0: Franck Fernandes, Jean-Louis Polidori,<\/p>\n<p>Accessibles par QR Codes\u00a0:<br \/>\nLe Livre audio cont\u00e9 par l\u2019architecte paysagiste Jean Mus<br \/>\nUne musique originale compos\u00e9e par Gilles Mottet<\/p>\n<p>N\u00b0\u00a0ISBN : 978-2959210709<\/p>","protected":false},"featured_media":9453,"comment_status":"open","ping_status":"closed","template":"","meta":[],"product_cat":[27],"product_tag":[],"class_list":{"0":"post-7294","1":"product","2":"type-product","3":"status-publish","4":"has-post-thumbnail","6":"product_cat-livre","8":"first","9":"instock","10":"shipping-taxable","11":"purchasable","12":"product-type-simple"},"_links":{"self":[{"href":"https:\/\/arboretum-roure.org\/en\/wp-json\/wp\/v2\/product\/7294","targetHints":{"allow":["GET"]}}],"collection":[{"href":"https:\/\/arboretum-roure.org\/en\/wp-json\/wp\/v2\/product"}],"about":[{"href":"https:\/\/arboretum-roure.org\/en\/wp-json\/wp\/v2\/types\/product"}],"replies":[{"embeddable":true,"href":"https:\/\/arboretum-roure.org\/en\/wp-json\/wp\/v2\/comments?post=7294"}],"wp:featuredmedia":[{"embeddable":true,"href":"https:\/\/arboretum-roure.org\/en\/wp-json\/wp\/v2\/media\/9453"}],"wp:attachment":[{"href":"https:\/\/arboretum-roure.org\/en\/wp-json\/wp\/v2\/media?parent=7294"}],"wp:term":[{"taxonomy":"product_cat","embeddable":true,"href":"https:\/\/arboretum-roure.org\/en\/wp-json\/wp\/v2\/product_cat?post=7294"},{"taxonomy":"product_tag","embeddable":true,"href":"https:\/\/arboretum-roure.org\/en\/wp-json\/wp\/v2\/product_tag?post=7294"}],"curies":[{"name":"wp","href":"https:\/\/api.w.org\/{rel}","templated":true}]}}